{"id":1307,"date":"2018-11-11T15:04:48","date_gmt":"2018-11-11T14:04:48","guid":{"rendered":"http:\/\/herzog-intertec.de\/impressum\/"},"modified":"2022-06-09T13:26:41","modified_gmt":"2022-06-09T11:26:41","slug":"legal-notice","status":"publish","type":"page","link":"https:\/\/www.herzog-intertec.de\/en\/legal-notice\/","title":{"rendered":"Legal notice"},"content":{"rendered":"<div class=\"wpb-content-wrapper\"><p>[vc_row row_type=&#8221;row_full_center_content&#8221; class=&#8221;max_width&#8221; el_class=&#8221;about-tab-box sectpad&#8221;][vc_column width=&#8221;5\/6&#8243;][ind_custom_heading heading=&#8221;Legal notice&#8221;][vc_column_text]<\/p>\n<h2>Ansprechpartner &amp; redaktionelle Betreuung<\/h2>\n<p>HERZOG intertec GmbH<br \/>\nRiegertsb\u00fchlstra\u00dfe 68<br \/>\nD-78601 Mahlstetten<\/p>\n<p>Tel. 07429\/ 91 61 &#8211; 400<br \/>\nFax 07429\/ 911 09<br \/>\nE-Mail\u00a0<a href=\"mailto:herzog@herzog-intertec.de?subject=Impressum%20Herzog%20Intertec%20GmbH\">herzog@herzog-intertec.de<\/a><br \/>\n<a href=\"https:\/\/www.herzog-intertec.de\/kontakt\/\">Kontaktformular<\/a><\/p>\n<h2>Weitere Informationen:<\/h2>\n<p>Ust-ID: 232 032 961<\/p>\n<p>Handelsregister Stuttgart HRB 460787<br \/>\nGesch\u00e4ftsf\u00fchrer\u00a0Raphael Herzog<\/p>\n<h2>Haftung f\u00fcr Inhalte<\/h2>\n<p>Als Diensteanbieter sind wir gem\u00e4\u00df \u00a7 7 Abs.1 TMG f\u00fcr eigene Inhalte auf diesen Seiten nach den allgemeinen Gesetzen verantwortlich. Nach \u00a7\u00a7 8 bis 10 TMG sind wir als Diensteanbieter jedoch nicht verpflichtet, \u00fcbermittelte oder gespeicherte fremde Informationen zu \u00fcberwachen oder nach Umst\u00e4nden zu forschen, die auf eine rechtswidrige T\u00e4tigkeit hinweisen.<\/p>\n<p>Verpflichtungen zur Entfernung oder Sperrung der Nutzung von Informationen nach den allgemeinen Gesetzen bleiben hiervon unber\u00fchrt. Eine diesbez\u00fcgliche Haftung ist jedoch erst ab dem Zeitpunkt der Kenntnis einer konkreten Rechtsverletzung m\u00f6glich. Bei Bekanntwerden von entsprechenden Rechtsverletzungen werden wir diese Inhalte umgehend entfernen.<\/p>\n<h2>Haftung f\u00fcr Links<\/h2>\n<p>Mit dem Urteil vom 12. September 1999 &#8211; 312 O 85\/99 \u00ad &#8216;Haftung f\u00fcr Links&#8217; \u00ad hat das Landgericht Hamburg entschieden, da\u00df man durch die Ausbringung eines Links die Inhalte der gelinkten Seite ggf. mit zu verantworten hat. Dieses kann &#8211; so das LG &#8211; nur dadurch verhindert werden, da\u00df man sich ausdr\u00fccklich von diesen Inhalten distanziert. Hiermit distanzieren wir uns ausdr\u00fccklich von allen Inhalten verlinkter Seiten oder Grafiken und machen uns diese keinesfalls zu eigen. S\u00e4mtliche Verst\u00f6\u00dfe gegen geltendes Recht, Sitte oder Moral, welche uns bekannt werden, haben sofortige L\u00f6schung von Links, Eintr\u00e4gen, Grafiken oder \u00e4hnlichem zur Folge.<\/p>\n<h2>Urheberrecht<\/h2>\n<p>Alle Inhalte dieser Website einschlie\u00dflich der Gestaltung und Programmierung unterliegen dem Urheberrecht (Copyright). Alle Rechte vorbehalten, alle Angaben ohne Gew\u00e4hr, \u00c4nderungen vorbehalten. Die Verwendung von Text- und Bildmaterial ist nur mit ausdr\u00fccklicher Genehmigung zul\u00e4ssig. Sofern diese Website Links zu Websites in anderen Verantwortungsbereichen enth\u00e4lt, distanzieren wir uns ausdr\u00fccklich von deren Inhalt.[\/vc_column_text][\/vc_column][\/vc_row]<\/p>\n<\/div>","protected":false},"excerpt":{"rendered":"<p>[vc_row row_type=&#8221;row_full_center_content&#8221; class=&#8221;max_width&#8221; el_class=&#8221;about-tab-box sectpad&#8221;][vc_column width=&#8221;5\/6&#8243;][ind_custom_heading heading=&#8221;Legal notice&#8221;][vc_column_text] Ansprechpartner &amp; redaktionelle Betreuung HERZOG intertec GmbH Riegertsb\u00fchlstra\u00dfe 68 D-78601 Mahlstetten Tel. 07429\/ &#8230;<\/p>\n","protected":false},"author":13,"featured_media":4242,"parent":0,"menu_order":0,"comment_status":"closed","ping_status":"closed","template":"","meta":{"_lmt_disableupdate":"no","_lmt_disable":"","footnotes":""},"class_list":["post-1307","page","type-page","status-publish","hentry"],"_links":{"self":[{"href":"https:\/\/www.herzog-intertec.de\/en\/wp-json\/wp\/v2\/pages\/1307","targetHints":{"allow":["GET"]}}],"collection":[{"href":"https:\/\/www.herzog-intertec.de\/en\/wp-json\/wp\/v2\/pages"}],"about":[{"href":"https:\/\/www.herzog-intertec.de\/en\/wp-json\/wp\/v2\/types\/page"}],"author":[{"embeddable":true,"href":"https:\/\/www.herzog-intertec.de\/en\/wp-json\/wp\/v2\/users\/13"}],"replies":[{"embeddable":true,"href":"https:\/\/www.herzog-intertec.de\/en\/wp-json\/wp\/v2\/comments?post=1307"}],"version-history":[{"count":14,"href":"https:\/\/www.herzog-intertec.de\/en\/wp-json\/wp\/v2\/pages\/1307\/revisions"}],"predecessor-version":[{"id":7642,"href":"https:\/\/www.herzog-intertec.de\/en\/wp-json\/wp\/v2\/pages\/1307\/revisions\/7642"}],"wp:featuredmedia":[{"embeddable":true,"href":"https:\/\/www.herzog-intertec.de\/en\/wp-json\/wp\/v2\/media\/4242"}],"wp:attachment":[{"href":"https:\/\/www.herzog-intertec.de\/en\/wp-json\/wp\/v2\/media?parent=1307"}],"curies":[{"name":"wp","href":"https:\/\/api.w.org\/{rel}","templated":true}]}}